{"id":21,"date":"2015-04-09T04:43:35","date_gmt":"2015-04-09T04:43:35","guid":{"rendered":"http:\/\/anacarlacorretora.com.br\/novosite\/?page_id=21"},"modified":"2016-03-22T22:54:04","modified_gmt":"2016-03-22T22:54:04","slug":"contato-e-localizacao","status":"publish","type":"page","link":"https:\/\/www.anacarlacorretora.com.br\/novosite\/contato-e-localizacao\/","title":{"rendered":"Contato e Localiza\u00e7\u00e3o"},"content":{"rendered":"<p>Ana Carla Chaves Corretora de Im\u00f3veis<br \/>\n(35) 9 9947-2364 | 9 8863-4753 | anacarla@anacarlacorretora.com.br | CRECI: 18474<br \/>\nEst\u00e9fano Carvalho \u2013 Corretor de Im\u00f3veis<br \/>\n(35) 9 9807-0444 | estefano@anacarlacorretora.com.br | CRECI: 30488<br \/>\n<a href=\"http:\/\/facebook.com\/anacarlachavescorretoradeimoveis\" target=\"_blank\"><img loading=\"lazy\" decoding=\"async\" src=\"http:\/\/www.anacarlacorretora.com.br\/wp-content\/themes\/anacarla\/face.png\" alt=\"\" width=\"17\" height=\"17\" \/><\/a><a href=\"http:\/\/facebook.com\/anacarlachavescorretoradeimoveis\" target=\"_blank\">\/anacarlachavescorretoradeimoveis<\/a><\/p>\n\n<div class=\"wpcf7 no-js\" id=\"wpcf7-f83-o1\" lang=\"pt-BR\" dir=\"ltr\" data-wpcf7-id=\"83\">\n<div class=\"screen-reader-response\"><p role=\"status\" aria-live=\"polite\" aria-atomic=\"true\"><\/p> <ul><\/ul><\/div>\n<form action=\"\/novosite\/wp-json\/wp\/v2\/pages\/21#wpcf7-f83-o1\" method=\"post\" class=\"wpcf7-form init\" aria-label=\"Formul\u00e1rios de contato\" novalidate=\"novalidate\" data-status=\"init\">\n<fieldset class=\"hidden-fields-container\"><input type=\"hidden\" name=\"_wpcf7\" value=\"83\" \/><input type=\"hidden\" name=\"_wpcf7_version\" value=\"6.1.5\" \/><input type=\"hidden\" name=\"_wpcf7_locale\" value=\"pt_BR\" \/><input type=\"hidden\" name=\"_wpcf7_unit_tag\" value=\"wpcf7-f83-o1\" \/><input type=\"hidden\" name=\"_wpcf7_container_post\" value=\"0\" \/><input type=\"hidden\" name=\"_wpcf7_posted_data_hash\" value=\"\" \/>\n<\/fieldset>\n<p>Nome\n<\/p>\n<p><span class=\"wpcf7-form-control-wrap\" data-name=\"your-name\"><input size=\"40\" maxlength=\"400\" class=\"wpcf7-form-control wpcf7-text wpcf7-validates-as-required\" aria-required=\"true\" aria-invalid=\"false\" value=\"\" type=\"text\" name=\"your-name\" \/><\/span>\n<\/p>\n<p>E-mail\n<\/p>\n<p><span class=\"wpcf7-form-control-wrap\" data-name=\"your-email\"><input size=\"40\" maxlength=\"400\" class=\"wpcf7-form-control wpcf7-email wpcf7-validates-as-required wpcf7-text wpcf7-validates-as-email\" aria-required=\"true\" aria-invalid=\"false\" value=\"\" type=\"email\" name=\"your-email\" \/><\/span>\n<\/p>\n<p>Telefone\n<\/p>\n<p><span class=\"wpcf7-form-control-wrap\" data-name=\"your-phone\"><input size=\"40\" maxlength=\"400\" class=\"wpcf7-form-control wpcf7-text wpcf7-validates-as-required\" aria-required=\"true\" aria-invalid=\"false\" value=\"\" type=\"text\" name=\"your-phone\" \/><\/span>\n<\/p>\n<p>Assunto\n<\/p>\n<p><span class=\"wpcf7-form-control-wrap\" data-name=\"your-subject\"><input size=\"40\" maxlength=\"400\" class=\"wpcf7-form-control wpcf7-text\" aria-invalid=\"false\" value=\"\" type=\"text\" name=\"your-subject\" \/><\/span>\n<\/p>\n<p>Sua mensagem\n<\/p>\n<p><span class=\"wpcf7-form-control-wrap\" data-name=\"your-message\"><textarea cols=\"40\" rows=\"10\" maxlength=\"2000\" class=\"wpcf7-form-control wpcf7-textarea\" aria-invalid=\"false\" name=\"your-message\"><\/textarea><\/span>\n<\/p>\n<p>Captcha\n<\/p>\n<p><input type=\"hidden\" name=\"_wpcf7_captcha_challenge_captcha-615\" value=\"3439665003\" \/><img loading=\"lazy\" decoding=\"async\" class=\"wpcf7-form-control wpcf7-captchac wpcf7-captcha-captcha-615\" width=\"72\" height=\"24\" alt=\"captcha\" src=\"https:\/\/www.anacarlacorretora.com.br\/novosite\/wp-content\/uploads\/wpcf7_captcha\/3439665003.png\" \/><br \/>\n<span class=\"wpcf7-form-control-wrap\" data-name=\"captcha-615\"><input size=\"40\" class=\"wpcf7-form-control wpcf7-captchar\" autocomplete=\"off\" aria-invalid=\"false\" value=\"\" type=\"text\" name=\"captcha-615\" \/><\/span>\n<\/p>\n<p><input class=\"wpcf7-form-control wpcf7-submit has-spinner\" type=\"submit\" value=\"Enviar\" \/>\n<\/p><div class=\"wpcf7-response-output\" aria-hidden=\"true\"><\/div>\n<\/form>\n<\/div>\n\n","protected":false},"excerpt":{"rendered":"<p>Ana Carla Chaves Corretora de Im\u00f3veis (35) 9 9947-2364 | 9 8863-4753 | anacarla@anacarlacorretora.com.br | CRECI: 18474 Est\u00e9fano Carvalho \u2013 Corretor de Im\u00f3veis (35) 9 9807-0444 | estefano@anacarlacorretora.com.br | CRECI: 30488 \/anacarlachavescorretoradeimoveis<\/p>\n","protected":false},"author":5,"featured_media":0,"parent":0,"menu_order":0,"comment_status":"closed","ping_status":"closed","template":"","meta":{"footnotes":""},"class_list":["post-21","page","type-page","status-publish","hentry"],"_links":{"self":[{"href":"https:\/\/www.anacarlacorretora.com.br\/novosite\/wp-json\/wp\/v2\/pages\/21","targetHints":{"allow":["GET"]}}],"collection":[{"href":"https:\/\/www.anacarlacorretora.com.br\/novosite\/wp-json\/wp\/v2\/pages"}],"about":[{"href":"https:\/\/www.anacarlacorretora.com.br\/novosite\/wp-json\/wp\/v2\/types\/page"}],"author":[{"embeddable":true,"href":"https:\/\/www.anacarlacorretora.com.br\/novosite\/wp-json\/wp\/v2\/users\/5"}],"replies":[{"embeddable":true,"href":"https:\/\/www.anacarlacorretora.com.br\/novosite\/wp-json\/wp\/v2\/comments?post=21"}],"version-history":[{"count":7,"href":"https:\/\/www.anacarlacorretora.com.br\/novosite\/wp-json\/wp\/v2\/pages\/21\/revisions"}],"predecessor-version":[{"id":6001,"href":"https:\/\/www.anacarlacorretora.com.br\/novosite\/wp-json\/wp\/v2\/pages\/21\/revisions\/6001"}],"wp:attachment":[{"href":"https:\/\/www.anacarlacorretora.com.br\/novosite\/wp-json\/wp\/v2\/media?parent=21"}],"curies":[{"name":"wp","href":"https:\/\/api.w.org\/{rel}","templated":true}]}}